{"id":1488,"date":"2022-03-04T03:42:59","date_gmt":"2022-03-04T03:42:59","guid":{"rendered":"http:\/\/192.168.1.216\/index.php\/home\/"},"modified":"2023-09-26T20:51:55","modified_gmt":"2023-09-26T20:51:55","slug":"home","status":"publish","type":"page","link":"https:\/\/pensadorautomation.se\/","title":{"rendered":"Hem"},"content":{"rendered":"\n<p>Pensador Automation \u00e4r ett f\u00f6retag som brinner f\u00f6r optimering av processfl\u00f6den, med syfte att allokera mantimmar fr\u00e5n repetitiva processer till k\u00e4rnuppgifter som skapar merv\u00e4rde f\u00f6r ditt f\u00f6retag. <\/p>\n\n\n\n<figure class=\"wp-block-image size-full\"><img data-recalc-dims=\"1\" loading=\"lazy\" decoding=\"async\" width=\"750\" height=\"467\" src=\"https:\/\/i0.wp.com\/pensadorautomation.se\/wp-content\/uploads\/2023\/09\/Screenshot-2023-08-15-230009.png?resize=750%2C467&#038;ssl=1\" alt=\"\" class=\"wp-image-2538\"\/><\/figure>\n\n\n\n<div class=\"wp-block-uagb-container uagb-block-bcc3db16 alignfull uagb-is-root-container\"><div class=\"uagb-container-inner-blocks-wrap\">\n<div class=\"wp-block-uagb-container uagb-block-ebeffa70 alignfull uagb-is-root-container\"><div class=\"uagb-container-inner-blocks-wrap\">\n<div class=\"wp-block-uagb-container uagb-block-a85bf556\">\n<div class=\"wp-block-uagb-container uagb-block-0751e713\">\n<div class=\"wp-block-uagb-info-box uagb-block-d0505e23 uagb-infobox__content-wrap  uagb-infobox-icon-above-title uagb-infobox-image-valign-top\"><div class=\"uagb-ifb-content\"><div class=\"uagb-ifb-icon-wrap\"><svg xmlns=\"https:\/\/www.w3.org\/2000\/svg\" viewBox=\"0 0 512 512\"><path d=\"M490.3 40.4C512.2 62.27 512.2 97.73 490.3 119.6L460.3 149.7L362.3 51.72L392.4 21.66C414.3-.2135 449.7-.2135 471.6 21.66L490.3 40.4zM172.4 241.7L339.7 74.34L437.7 172.3L270.3 339.6C264.2 345.8 256.7 350.4 248.4 353.2L159.6 382.8C150.1 385.6 141.5 383.4 135 376.1C128.6 370.5 126.4 361 129.2 352.4L158.8 263.6C161.6 255.3 166.2 247.8 172.4 241.7V241.7zM192 63.1C209.7 63.1 224 78.33 224 95.1C224 113.7 209.7 127.1 192 127.1H96C78.33 127.1 64 142.3 64 159.1V416C64 433.7 78.33 448 96 448H352C369.7 448 384 433.7 384 416V319.1C384 302.3 398.3 287.1 416 287.1C433.7 287.1 448 302.3 448 319.1V416C448 469 405 512 352 512H96C42.98 512 0 469 0 416V159.1C0 106.1 42.98 63.1 96 63.1H192z\"><\/path><\/svg><\/div><div class=\"uagb-ifb-title-wrap\"><h4 class=\"uagb-ifb-title\"><strong>Design\u200b<\/strong><\/h4><\/div><p class=\"uagb-ifb-desc\">Automation involverar i vissa fall en fysisk komponent som skall samspela med en mjukvara. P\u00e5 senare tid har additiv tillverkning s\u00e4nkt tr\u00f6skeln f\u00f6r vad som \u00e4r m\u00f6jligt att producera vid framtagande av vissa automations-till\u00e4mpningar och Pensador Automation kan inom vissa ramar \u00e4ven f\u00f6rse dig och ditt f\u00f6retag med fysiska prototyper.\u200b<br><br><br><\/p><\/div><\/div>\n<\/div>\n\n\n\n<div class=\"wp-block-uagb-container uagb-block-ab0afac0\">\n<div class=\"wp-block-uagb-info-box uagb-block-71635d1f uagb-infobox__content-wrap  uagb-infobox-icon-above-title uagb-infobox-image-valign-top\"><div class=\"uagb-ifb-content\"><div class=\"uagb-ifb-icon-wrap\"><svg xmlns=\"https:\/\/www.w3.org\/2000\/svg\" viewBox=\"0 0 576 512\"><path d=\"M128 160C128 142.3 142.3 128 160 128H288C305.7 128 320 142.3 320 160V256C320 273.7 305.7 288 288 288H160C142.3 288 128 273.7 128 256V160zM288 320C323.3 320 352 291.3 352 256V224H416C433.7 224 448 238.3 448 256V352C448 369.7 433.7 384 416 384H288C270.3 384 256 369.7 256 352V320H288zM32 119.4C12.87 108.4 0 87.69 0 64C0 28.65 28.65 0 64 0C87.69 0 108.4 12.87 119.4 32H456.6C467.6 12.87 488.3 0 512 0C547.3 0 576 28.65 576 64C576 87.69 563.1 108.4 544 119.4V392.6C563.1 403.6 576 424.3 576 448C576 483.3 547.3 512 512 512C488.3 512 467.6 499.1 456.6 480H119.4C108.4 499.1 87.69 512 64 512C28.65 512 0 483.3 0 448C0 424.3 12.87 403.6 32 392.6V119.4zM119.4 96C113.8 105.7 105.7 113.8 96 119.4V392.6C105.7 398.2 113.8 406.3 119.4 416H456.6C462.2 406.3 470.3 398.2 480 392.6V119.4C470.3 113.8 462.2 105.7 456.6 96H119.4z\"><\/path><\/svg><\/div><div class=\"uagb-ifb-title-wrap\"><h4 class=\"uagb-ifb-title\"><strong><strong>Utveckling<\/strong><\/strong><\/h4><\/div><p class=\"uagb-ifb-desc\">Mjukvaran \u00e4r b\u00e5de hj\u00e4rnan och vid &#8220;physical computing&#8221; \u00e4ven nervsystemet i en produkt involverande elektroniska komponenter. Automation beh\u00f6ver inte enbart begr\u00e4nsas till vad som h\u00e4nder i ett program, utan kan expandera till ett behov av input fr\u00e5n en omv\u00e4rld f\u00f6r systemet att kunna fatta beslut. Pensador Automation kan inom vissa ramar \u00e4ven f\u00f6rse dig och ditt f\u00f6retag med mekatronikl\u00f6sningar. <br><\/p><\/div><\/div>\n<\/div>\n\n\n\n<div class=\"wp-block-uagb-info-box uagb-block-797b5a73 uagb-infobox__content-wrap  uagb-infobox-icon-above-title uagb-infobox-image-valign-top\"><div class=\"uagb-ifb-content\"><div class=\"uagb-ifb-icon-wrap\"><svg xmlns=\"https:\/\/www.w3.org\/2000\/svg\" viewBox=\"0 0 512 512\"><path d=\"M256 0C114.6 0 0 114.6 0 256s114.6 256 256 256s256-114.6 256-256S397.4 0 256 0zM256 128c39.77 0 72 32.24 72 72S295.8 272 256 272c-39.76 0-72-32.24-72-72S216.2 128 256 128zM256 448c-52.93 0-100.9-21.53-135.7-56.29C136.5 349.9 176.5 320 224 320h64c47.54 0 87.54 29.88 103.7 71.71C356.9 426.5 308.9 448 256 448z\"><\/path><\/svg><\/div><div class=\"uagb-ifb-title-wrap\"><h4 class=\"uagb-ifb-title\"><strong>H<\/strong>j\u00e4lp &amp; Support<\/h4><\/div><p class=\"uagb-ifb-desc\">Pensador Automation erbjuder naturligtvis \u00e4ven hj\u00e4lp och support f\u00f6r de l\u00f6sningar som innefattas av leveransramarna. <br><br><br><br><br><br><br><br><br><br><\/p><\/div><\/div>\n<\/div>\n<\/div><\/div>\n<\/div><\/div>\n","protected":false},"excerpt":{"rendered":"<p>Pensador Automation \u00e4r ett f\u00f6retag som brinner f\u00f6r optimering av processfl\u00f6den, med syfte att allokera mantimmar fr\u00e5n repetitiva processer till k\u00e4rnuppgifter som skapar merv\u00e4rde f\u00f6r ditt f\u00f6retag.<\/p>\n","protected":false},"author":1,"featured_media":0,"parent":0,"menu_order":0,"comment_status":"closed","ping_status":"closed","template":"","meta":{"_uag_custom_page_level_css":"","footnotes":""},"class_list":["post-1488","page","type-page","status-publish","hentry","entry"],"yoast_head":"<!-- This site is optimized with the Yoast SEO plugin v27.6 - https:\/\/yoast.com\/product\/yoast-seo-wordpress\/ -->\n<title>Hem - Pensador Automation<\/title>\n<meta name=\"description\" content=\"L\u00f6sningar inom automation, prototypframtagning och framtagning av hemsidor med fokus p\u00e5 anv\u00e4ndarv\u00e4nlighet, tydlighet och optimering\" \/>\n<meta name=\"robots\" content=\"index, follow, max-snippet:-1, max-image-preview:large, max-video-preview:-1\" \/>\n<link rel=\"canonical\" href=\"https:\/\/pensadorautomation.se\/\" \/>\n<meta property=\"og:locale\" content=\"en_US\" \/>\n<meta property=\"og:type\" content=\"article\" \/>\n<meta property=\"og:title\" content=\"Hem - Pensador Automation\" \/>\n<meta property=\"og:description\" content=\"L\u00f6sningar inom automation, prototypframtagning och framtagning av hemsidor med fokus p\u00e5 anv\u00e4ndarv\u00e4nlighet, tydlighet och optimering\" \/>\n<meta property=\"og:url\" content=\"https:\/\/pensadorautomation.se\/\" \/>\n<meta property=\"og:site_name\" content=\"Pensador Automation\" \/>\n<meta property=\"article:modified_time\" content=\"2023-09-26T20:51:55+00:00\" \/>\n<meta property=\"og:image\" content=\"http:\/\/pensadorautomation.se\/wp-content\/uploads\/2023\/09\/Screenshot-2023-08-15-230009.png\" \/>\n<meta name=\"twitter:card\" content=\"summary_large_image\" \/>\n<meta name=\"twitter:label1\" content=\"Est. reading time\" \/>\n\t<meta name=\"twitter:data1\" content=\"1 minute\" \/>\n<script type=\"application\/ld+json\" class=\"yoast-schema-graph\">{\"@context\":\"https:\\\/\\\/schema.org\",\"@graph\":[{\"@type\":\"WebPage\",\"@id\":\"https:\\\/\\\/pensadorautomation.se\\\/\",\"url\":\"https:\\\/\\\/pensadorautomation.se\\\/\",\"name\":\"Hem - Pensador Automation\",\"isPartOf\":{\"@id\":\"https:\\\/\\\/pensadorautomation.se\\\/#website\"},\"primaryImageOfPage\":{\"@id\":\"https:\\\/\\\/pensadorautomation.se\\\/#primaryimage\"},\"image\":{\"@id\":\"https:\\\/\\\/pensadorautomation.se\\\/#primaryimage\"},\"thumbnailUrl\":\"http:\\\/\\\/pensadorautomation.se\\\/wp-content\\\/uploads\\\/2023\\\/09\\\/Screenshot-2023-08-15-230009.png\",\"datePublished\":\"2022-03-04T03:42:59+00:00\",\"dateModified\":\"2023-09-26T20:51:55+00:00\",\"description\":\"L\u00f6sningar inom automation, prototypframtagning och framtagning av hemsidor med fokus p\u00e5 anv\u00e4ndarv\u00e4nlighet, tydlighet och optimering\",\"breadcrumb\":{\"@id\":\"https:\\\/\\\/pensadorautomation.se\\\/#breadcrumb\"},\"inLanguage\":\"en-US\",\"potentialAction\":[{\"@type\":\"ReadAction\",\"target\":[\"https:\\\/\\\/pensadorautomation.se\\\/\"]}]},{\"@type\":\"ImageObject\",\"inLanguage\":\"en-US\",\"@id\":\"https:\\\/\\\/pensadorautomation.se\\\/#primaryimage\",\"url\":\"http:\\\/\\\/pensadorautomation.se\\\/wp-content\\\/uploads\\\/2023\\\/09\\\/Screenshot-2023-08-15-230009.png\",\"contentUrl\":\"http:\\\/\\\/pensadorautomation.se\\\/wp-content\\\/uploads\\\/2023\\\/09\\\/Screenshot-2023-08-15-230009.png\"},{\"@type\":\"BreadcrumbList\",\"@id\":\"https:\\\/\\\/pensadorautomation.se\\\/#breadcrumb\",\"itemListElement\":[{\"@type\":\"ListItem\",\"position\":1,\"name\":\"Home\",\"item\":\"https:\\\/\\\/pensadorautomation.se\\\/\"},{\"@type\":\"ListItem\",\"position\":2,\"name\":\"Hem\"}]},{\"@type\":\"WebSite\",\"@id\":\"https:\\\/\\\/pensadorautomation.se\\\/#website\",\"url\":\"https:\\\/\\\/pensadorautomation.se\\\/\",\"name\":\"Pensador Automation\",\"description\":\"Let machines do the heavy lifting\",\"publisher\":{\"@id\":\"https:\\\/\\\/pensadorautomation.se\\\/#organization\"},\"potentialAction\":[{\"@type\":\"SearchAction\",\"target\":{\"@type\":\"EntryPoint\",\"urlTemplate\":\"https:\\\/\\\/pensadorautomation.se\\\/?s={search_term_string}\"},\"query-input\":{\"@type\":\"PropertyValueSpecification\",\"valueRequired\":true,\"valueName\":\"search_term_string\"}}],\"inLanguage\":\"en-US\"},{\"@type\":\"Organization\",\"@id\":\"https:\\\/\\\/pensadorautomation.se\\\/#organization\",\"name\":\"Pensador Automation\",\"url\":\"https:\\\/\\\/pensadorautomation.se\\\/\",\"logo\":{\"@type\":\"ImageObject\",\"inLanguage\":\"en-US\",\"@id\":\"https:\\\/\\\/pensadorautomation.se\\\/#\\\/schema\\\/logo\\\/image\\\/\",\"url\":\"https:\\\/\\\/i0.wp.com\\\/pensadorautomation.se\\\/wp-content\\\/uploads\\\/2023\\\/09\\\/logo_512_v2.png?fit=347%2C237&ssl=1\",\"contentUrl\":\"https:\\\/\\\/i0.wp.com\\\/pensadorautomation.se\\\/wp-content\\\/uploads\\\/2023\\\/09\\\/logo_512_v2.png?fit=347%2C237&ssl=1\",\"width\":347,\"height\":237,\"caption\":\"Pensador Automation\"},\"image\":{\"@id\":\"https:\\\/\\\/pensadorautomation.se\\\/#\\\/schema\\\/logo\\\/image\\\/\"}}]}<\/script>\n<!-- \/ Yoast SEO plugin. -->","yoast_head_json":{"title":"Hem - Pensador Automation","description":"L\u00f6sningar inom automation, prototypframtagning och framtagning av hemsidor med fokus p\u00e5 anv\u00e4ndarv\u00e4nlighet, tydlighet och optimering","robots":{"index":"index","follow":"follow","max-snippet":"max-snippet:-1","max-image-preview":"max-image-preview:large","max-video-preview":"max-video-preview:-1"},"canonical":"https:\/\/pensadorautomation.se\/","og_locale":"en_US","og_type":"article","og_title":"Hem - Pensador Automation","og_description":"L\u00f6sningar inom automation, prototypframtagning och framtagning av hemsidor med fokus p\u00e5 anv\u00e4ndarv\u00e4nlighet, tydlighet och optimering","og_url":"https:\/\/pensadorautomation.se\/","og_site_name":"Pensador Automation","article_modified_time":"2023-09-26T20:51:55+00:00","og_image":[{"url":"http:\/\/pensadorautomation.se\/wp-content\/uploads\/2023\/09\/Screenshot-2023-08-15-230009.png","type":"","width":"","height":""}],"twitter_card":"summary_large_image","twitter_misc":{"Est. reading time":"1 minute"},"schema":{"@context":"https:\/\/schema.org","@graph":[{"@type":"WebPage","@id":"https:\/\/pensadorautomation.se\/","url":"https:\/\/pensadorautomation.se\/","name":"Hem - Pensador Automation","isPartOf":{"@id":"https:\/\/pensadorautomation.se\/#website"},"primaryImageOfPage":{"@id":"https:\/\/pensadorautomation.se\/#primaryimage"},"image":{"@id":"https:\/\/pensadorautomation.se\/#primaryimage"},"thumbnailUrl":"http:\/\/pensadorautomation.se\/wp-content\/uploads\/2023\/09\/Screenshot-2023-08-15-230009.png","datePublished":"2022-03-04T03:42:59+00:00","dateModified":"2023-09-26T20:51:55+00:00","description":"L\u00f6sningar inom automation, prototypframtagning och framtagning av hemsidor med fokus p\u00e5 anv\u00e4ndarv\u00e4nlighet, tydlighet och optimering","breadcrumb":{"@id":"https:\/\/pensadorautomation.se\/#breadcrumb"},"inLanguage":"en-US","potentialAction":[{"@type":"ReadAction","target":["https:\/\/pensadorautomation.se\/"]}]},{"@type":"ImageObject","inLanguage":"en-US","@id":"https:\/\/pensadorautomation.se\/#primaryimage","url":"http:\/\/pensadorautomation.se\/wp-content\/uploads\/2023\/09\/Screenshot-2023-08-15-230009.png","contentUrl":"http:\/\/pensadorautomation.se\/wp-content\/uploads\/2023\/09\/Screenshot-2023-08-15-230009.png"},{"@type":"BreadcrumbList","@id":"https:\/\/pensadorautomation.se\/#breadcrumb","itemListElement":[{"@type":"ListItem","position":1,"name":"Home","item":"https:\/\/pensadorautomation.se\/"},{"@type":"ListItem","position":2,"name":"Hem"}]},{"@type":"WebSite","@id":"https:\/\/pensadorautomation.se\/#website","url":"https:\/\/pensadorautomation.se\/","name":"Pensador Automation","description":"Let machines do the heavy lifting","publisher":{"@id":"https:\/\/pensadorautomation.se\/#organization"},"potentialAction":[{"@type":"SearchAction","target":{"@type":"EntryPoint","urlTemplate":"https:\/\/pensadorautomation.se\/?s={search_term_string}"},"query-input":{"@type":"PropertyValueSpecification","valueRequired":true,"valueName":"search_term_string"}}],"inLanguage":"en-US"},{"@type":"Organization","@id":"https:\/\/pensadorautomation.se\/#organization","name":"Pensador Automation","url":"https:\/\/pensadorautomation.se\/","logo":{"@type":"ImageObject","inLanguage":"en-US","@id":"https:\/\/pensadorautomation.se\/#\/schema\/logo\/image\/","url":"https:\/\/i0.wp.com\/pensadorautomation.se\/wp-content\/uploads\/2023\/09\/logo_512_v2.png?fit=347%2C237&ssl=1","contentUrl":"https:\/\/i0.wp.com\/pensadorautomation.se\/wp-content\/uploads\/2023\/09\/logo_512_v2.png?fit=347%2C237&ssl=1","width":347,"height":237,"caption":"Pensador Automation"},"image":{"@id":"https:\/\/pensadorautomation.se\/#\/schema\/logo\/image\/"}}]}},"uagb_featured_image_src":{"full":false,"thumbnail":false,"medium":false,"medium_large":false,"large":false,"1536x1536":false,"2048x2048":false,"post-thumbnail":false},"uagb_author_info":{"display_name":"george","author_link":"https:\/\/pensadorautomation.se\/index.php\/author\/george\/"},"uagb_comment_info":0,"uagb_excerpt":"Pensador Automation \u00e4r ett f\u00f6retag som brinner f\u00f6r optimering av processfl\u00f6den, med syfte att allokera mantimmar fr\u00e5n repetitiva processer till k\u00e4rnuppgifter som skapar merv\u00e4rde f\u00f6r ditt f\u00f6retag.","jetpack-related-posts":[],"jetpack_sharing_enabled":true,"_links":{"self":[{"href":"https:\/\/pensadorautomation.se\/index.php\/wp-json\/wp\/v2\/pages\/1488","targetHints":{"allow":["GET"]}}],"collection":[{"href":"https:\/\/pensadorautomation.se\/index.php\/wp-json\/wp\/v2\/pages"}],"about":[{"href":"https:\/\/pensadorautomation.se\/index.php\/wp-json\/wp\/v2\/types\/page"}],"author":[{"embeddable":true,"href":"https:\/\/pensadorautomation.se\/index.php\/wp-json\/wp\/v2\/users\/1"}],"replies":[{"embeddable":true,"href":"https:\/\/pensadorautomation.se\/index.php\/wp-json\/wp\/v2\/comments?post=1488"}],"version-history":[{"count":22,"href":"https:\/\/pensadorautomation.se\/index.php\/wp-json\/wp\/v2\/pages\/1488\/revisions"}],"predecessor-version":[{"id":2552,"href":"https:\/\/pensadorautomation.se\/index.php\/wp-json\/wp\/v2\/pages\/1488\/revisions\/2552"}],"wp:attachment":[{"href":"https:\/\/pensadorautomation.se\/index.php\/wp-json\/wp\/v2\/media?parent=1488"}],"curies":[{"name":"wp","href":"https:\/\/api.w.org\/{rel}","templated":true}]}}