{"id":1490,"date":"2022-03-04T03:43:38","date_gmt":"2022-03-04T03:43:38","guid":{"rendered":"http:\/\/192.168.1.216\/index.php\/about\/"},"modified":"2023-09-27T20:55:44","modified_gmt":"2023-09-27T20:55:44","slug":"about","status":"publish","type":"page","link":"https:\/\/pensadorautomation.se\/index.php\/about\/","title":{"rendered":"Bakgrund"},"content":{"rendered":"\n<div class=\"wp-block-uagb-container uagb-block-0682ea1d alignfull uagb-is-root-container\"><div class=\"uagb-container-inner-blocks-wrap\">\n<div class=\"wp-block-uagb-container uagb-block-d904cbea\">\n<div class=\"wp-block-uagb-container uagb-block-37158dbe\">\n<div class=\"wp-block-uagb-info-box uagb-block-1d62cba7 uagb-infobox__content-wrap  uagb-infobox-icon-above-title uagb-infobox-image-valign-top\"><div class=\"uagb-ifb-content\"><div class=\"uagb-ifb-title-wrap\"><div class=\"uagb-ifb-separator\"><\/div><h3 class=\"uagb-ifb-title\">Vem \u00e4r jag<\/h3><\/div><p class=\"uagb-ifb-desc\">I grunden en Civilingenj\u00f6r i Design och Produktframtagning med inriktning mot produktutveckling &#8211; KTH examens\u00e5r 2009, men har l\u00e5ngt innan dess intresserat mig f\u00f6r &#8220;minsta motst\u00e5ndens lag&#8221; vilket numera tar sig uttryck i utveckling av mjukvaror och apparater f\u00f6r automatisering av repetitiva arbetsuppgifter.<br><br><br><br>   <\/p><\/div><\/div>\n<\/div>\n\n\n\n<div class=\"wp-block-uagb-container uagb-block-75bd7c61\">\n<div class=\"wp-block-uagb-info-box uagb-block-4eb4800b uagb-infobox__content-wrap  uagb-infobox-icon-above-title uagb-infobox-image-valign-top\"><div class=\"uagb-ifb-content\"><div class=\"uagb-ifb-title-wrap\"><div class=\"uagb-ifb-separator\"><\/div><h3 class=\"uagb-ifb-title\">Min avsikt\u200b<\/h3><\/div><p class=\"uagb-ifb-desc\">Att hj\u00e4lpa f\u00f6retag att uppn\u00e5 en h\u00f6gre bel\u00e4ggningsgrad p\u00e5 arbeten som direkt bidrar till merv\u00e4rde, hellre \u00e4n att spendera tid p\u00e5 sj\u00e4lva processen fram till slutprodukt. P\u00e5 s\u00e5 vis frig\u00f6rs tid f\u00f6r de v\u00e4rdeskapande uppgifterna s\u00e5 som utv\u00e4rdering av resultat och eventuella f\u00f6rb\u00e4ttrings\u00e5tg\u00e4rder. Som en sidoeffekt erh\u00e5lls ocks\u00e5 h\u00f6gre kvalitet d\u00e5 m\u00e4nskliga faktorn till h\u00f6gre grad \u00e5sidos\u00e4tts &#8211; datorer blir inte tr\u00f6tta vilket eliminerar slarvfel.<\/p><\/div><\/div>\n<\/div>\n<\/div>\n<\/div><\/div>\n\n\n\n<div class=\"wp-block-uagb-container uagb-block-4dc8cdb9 alignfull uagb-is-root-container\"><div class=\"uagb-container-inner-blocks-wrap\">\n<div class=\"wp-block-uagb-container uagb-block-f844dda9\">\n<div class=\"wp-block-uagb-advanced-heading uagb-block-6717def3\"><h4 class=\"uagb-heading-text\">N\u00e5gra siffror<\/h4><p class=\"uagb-desc-text\">Resultat av historiska automationsprojekt<\/p><\/div>\n<\/div>\n\n\n\n<div class=\"wp-block-uagb-container uagb-block-93831099\">\n<div class=\"wp-block-uagb-container uagb-block-49d47f7e\">\n<div class=\"wp-block-uagb-advanced-heading uagb-block-39617ae8\"><h2 class=\"uagb-heading-text\">6<\/h2><\/div>\n<\/div>\n\n\n\n<div class=\"wp-block-uagb-container uagb-block-088575bd\">\n<div class=\"wp-block-uagb-advanced-heading uagb-block-eb867dff\"><h6 class=\"uagb-heading-text\"><strong>N\u00f6jda<\/strong><br><strong>kunder\u200b<\/strong><\/h6><\/div>\n<\/div>\n<\/div>\n\n\n\n<div class=\"wp-block-uagb-container uagb-block-47fbacb7\">\n<div class=\"wp-block-uagb-container uagb-block-aa0915f0\">\n<div class=\"wp-block-uagb-advanced-heading uagb-block-9f1d8b26\"><h2 class=\"uagb-heading-text\">3<\/h2><\/div>\n<\/div>\n\n\n\n<div class=\"wp-block-uagb-container uagb-block-485c61b4\">\n<div class=\"wp-block-uagb-advanced-heading uagb-block-330e01e2\"><h6 class=\"uagb-heading-text\"><strong><strong>Fullf\u00f6ljda <\/strong>p<strong>rojekt<\/strong><\/strong><\/h6><\/div>\n<\/div>\n<\/div>\n\n\n\n<div class=\"wp-block-uagb-container uagb-block-f6b4aaf0\">\n<div class=\"wp-block-uagb-container uagb-block-2f6b3420\">\n<div class=\"wp-block-uagb-advanced-heading uagb-block-93805e0c\"><h3 class=\"uagb-heading-text\">20<\/h3><\/div>\n<\/div>\n\n\n\n<div class=\"wp-block-uagb-container uagb-block-78bce6f1\">\n<div class=\"wp-block-uagb-advanced-heading uagb-block-5fe24bc6\"><h6 class=\"uagb-heading-text\"><strong><strong>%<\/strong><\/strong><br><strong><strong>Snabbare processfl\u00f6de\u200b<\/strong><\/strong><\/h6><\/div>\n<\/div>\n<\/div>\n\n\n\n<div class=\"wp-block-uagb-container uagb-block-8aa43e19\">\n<div class=\"wp-block-uagb-container uagb-block-1956375e\">\n<div class=\"wp-block-uagb-advanced-heading uagb-block-039aacd0\"><h2 class=\"uagb-heading-text\">15K+<\/h2><\/div>\n<\/div>\n\n\n\n<div class=\"wp-block-uagb-container uagb-block-e179ade7\">\n<div class=\"wp-block-uagb-advanced-heading uagb-block-19e9dc33\"><h6 class=\"uagb-heading-text\"><strong><strong>Rader<\/strong><\/strong>   kod<\/h6><\/div>\n<\/div>\n<\/div>\n<\/div><\/div>\n","protected":false},"excerpt":{"rendered":"<p>N\u00e5gra siffror Resultat av historiska automationsprojekt 6 N\u00f6jdakunder\u200b 3 Fullf\u00f6ljda projekt 20 %Snabbare processfl\u00f6de\u200b 15K+ Rader kod<\/p>\n","protected":false},"author":1,"featured_media":0,"parent":0,"menu_order":0,"comment_status":"closed","ping_status":"closed","template":"","meta":{"_uag_custom_page_level_css":"","footnotes":""},"class_list":["post-1490","page","type-page","status-publish","hentry","entry"],"yoast_head":"<!-- This site is optimized with the Yoast SEO plugin v27.6 - https:\/\/yoast.com\/product\/yoast-seo-wordpress\/ -->\n<title>Bakgrund - Pensador Automation<\/title>\n<meta name=\"robots\" content=\"index, follow, max-snippet:-1, max-image-preview:large, max-video-preview:-1\" \/>\n<link rel=\"canonical\" href=\"https:\/\/pensadorautomation.se\/index.php\/about\/\" \/>\n<meta property=\"og:locale\" content=\"en_US\" \/>\n<meta property=\"og:type\" content=\"article\" \/>\n<meta property=\"og:title\" content=\"Bakgrund - Pensador Automation\" \/>\n<meta property=\"og:description\" content=\"N\u00e5gra siffror Resultat av historiska automationsprojekt 6 N\u00f6jdakunder\u200b 3 Fullf\u00f6ljda projekt 20 %Snabbare processfl\u00f6de\u200b 15K+ Rader kod\" \/>\n<meta property=\"og:url\" content=\"https:\/\/pensadorautomation.se\/index.php\/about\/\" \/>\n<meta property=\"og:site_name\" content=\"Pensador Automation\" \/>\n<meta property=\"article:modified_time\" content=\"2023-09-27T20:55:44+00:00\" \/>\n<meta name=\"twitter:card\" content=\"summary_large_image\" \/>\n<meta name=\"twitter:label1\" content=\"Est. reading time\" \/>\n\t<meta name=\"twitter:data1\" content=\"1 minute\" \/>\n<script type=\"application\/ld+json\" class=\"yoast-schema-graph\">{\"@context\":\"https:\\\/\\\/schema.org\",\"@graph\":[{\"@type\":\"WebPage\",\"@id\":\"https:\\\/\\\/pensadorautomation.se\\\/index.php\\\/about\\\/\",\"url\":\"https:\\\/\\\/pensadorautomation.se\\\/index.php\\\/about\\\/\",\"name\":\"Bakgrund - Pensador Automation\",\"isPartOf\":{\"@id\":\"https:\\\/\\\/pensadorautomation.se\\\/#website\"},\"datePublished\":\"2022-03-04T03:43:38+00:00\",\"dateModified\":\"2023-09-27T20:55:44+00:00\",\"breadcrumb\":{\"@id\":\"https:\\\/\\\/pensadorautomation.se\\\/index.php\\\/about\\\/#breadcrumb\"},\"inLanguage\":\"en-US\",\"potentialAction\":[{\"@type\":\"ReadAction\",\"target\":[\"https:\\\/\\\/pensadorautomation.se\\\/index.php\\\/about\\\/\"]}]},{\"@type\":\"BreadcrumbList\",\"@id\":\"https:\\\/\\\/pensadorautomation.se\\\/index.php\\\/about\\\/#breadcrumb\",\"itemListElement\":[{\"@type\":\"ListItem\",\"position\":1,\"name\":\"Home\",\"item\":\"https:\\\/\\\/pensadorautomation.se\\\/\"},{\"@type\":\"ListItem\",\"position\":2,\"name\":\"Bakgrund\"}]},{\"@type\":\"WebSite\",\"@id\":\"https:\\\/\\\/pensadorautomation.se\\\/#website\",\"url\":\"https:\\\/\\\/pensadorautomation.se\\\/\",\"name\":\"Pensador Automation\",\"description\":\"Let machines do the heavy lifting\",\"publisher\":{\"@id\":\"https:\\\/\\\/pensadorautomation.se\\\/#organization\"},\"potentialAction\":[{\"@type\":\"SearchAction\",\"target\":{\"@type\":\"EntryPoint\",\"urlTemplate\":\"https:\\\/\\\/pensadorautomation.se\\\/?s={search_term_string}\"},\"query-input\":{\"@type\":\"PropertyValueSpecification\",\"valueRequired\":true,\"valueName\":\"search_term_string\"}}],\"inLanguage\":\"en-US\"},{\"@type\":\"Organization\",\"@id\":\"https:\\\/\\\/pensadorautomation.se\\\/#organization\",\"name\":\"Pensador Automation\",\"url\":\"https:\\\/\\\/pensadorautomation.se\\\/\",\"logo\":{\"@type\":\"ImageObject\",\"inLanguage\":\"en-US\",\"@id\":\"https:\\\/\\\/pensadorautomation.se\\\/#\\\/schema\\\/logo\\\/image\\\/\",\"url\":\"https:\\\/\\\/i0.wp.com\\\/pensadorautomation.se\\\/wp-content\\\/uploads\\\/2023\\\/09\\\/logo_512_v2.png?fit=347%2C237&ssl=1\",\"contentUrl\":\"https:\\\/\\\/i0.wp.com\\\/pensadorautomation.se\\\/wp-content\\\/uploads\\\/2023\\\/09\\\/logo_512_v2.png?fit=347%2C237&ssl=1\",\"width\":347,\"height\":237,\"caption\":\"Pensador Automation\"},\"image\":{\"@id\":\"https:\\\/\\\/pensadorautomation.se\\\/#\\\/schema\\\/logo\\\/image\\\/\"}}]}<\/script>\n<!-- \/ Yoast SEO plugin. -->","yoast_head_json":{"title":"Bakgrund - Pensador Automation","robots":{"index":"index","follow":"follow","max-snippet":"max-snippet:-1","max-image-preview":"max-image-preview:large","max-video-preview":"max-video-preview:-1"},"canonical":"https:\/\/pensadorautomation.se\/index.php\/about\/","og_locale":"en_US","og_type":"article","og_title":"Bakgrund - Pensador Automation","og_description":"N\u00e5gra siffror Resultat av historiska automationsprojekt 6 N\u00f6jdakunder\u200b 3 Fullf\u00f6ljda projekt 20 %Snabbare processfl\u00f6de\u200b 15K+ Rader kod","og_url":"https:\/\/pensadorautomation.se\/index.php\/about\/","og_site_name":"Pensador Automation","article_modified_time":"2023-09-27T20:55:44+00:00","twitter_card":"summary_large_image","twitter_misc":{"Est. reading time":"1 minute"},"schema":{"@context":"https:\/\/schema.org","@graph":[{"@type":"WebPage","@id":"https:\/\/pensadorautomation.se\/index.php\/about\/","url":"https:\/\/pensadorautomation.se\/index.php\/about\/","name":"Bakgrund - Pensador Automation","isPartOf":{"@id":"https:\/\/pensadorautomation.se\/#website"},"datePublished":"2022-03-04T03:43:38+00:00","dateModified":"2023-09-27T20:55:44+00:00","breadcrumb":{"@id":"https:\/\/pensadorautomation.se\/index.php\/about\/#breadcrumb"},"inLanguage":"en-US","potentialAction":[{"@type":"ReadAction","target":["https:\/\/pensadorautomation.se\/index.php\/about\/"]}]},{"@type":"BreadcrumbList","@id":"https:\/\/pensadorautomation.se\/index.php\/about\/#breadcrumb","itemListElement":[{"@type":"ListItem","position":1,"name":"Home","item":"https:\/\/pensadorautomation.se\/"},{"@type":"ListItem","position":2,"name":"Bakgrund"}]},{"@type":"WebSite","@id":"https:\/\/pensadorautomation.se\/#website","url":"https:\/\/pensadorautomation.se\/","name":"Pensador Automation","description":"Let machines do the heavy lifting","publisher":{"@id":"https:\/\/pensadorautomation.se\/#organization"},"potentialAction":[{"@type":"SearchAction","target":{"@type":"EntryPoint","urlTemplate":"https:\/\/pensadorautomation.se\/?s={search_term_string}"},"query-input":{"@type":"PropertyValueSpecification","valueRequired":true,"valueName":"search_term_string"}}],"inLanguage":"en-US"},{"@type":"Organization","@id":"https:\/\/pensadorautomation.se\/#organization","name":"Pensador Automation","url":"https:\/\/pensadorautomation.se\/","logo":{"@type":"ImageObject","inLanguage":"en-US","@id":"https:\/\/pensadorautomation.se\/#\/schema\/logo\/image\/","url":"https:\/\/i0.wp.com\/pensadorautomation.se\/wp-content\/uploads\/2023\/09\/logo_512_v2.png?fit=347%2C237&ssl=1","contentUrl":"https:\/\/i0.wp.com\/pensadorautomation.se\/wp-content\/uploads\/2023\/09\/logo_512_v2.png?fit=347%2C237&ssl=1","width":347,"height":237,"caption":"Pensador Automation"},"image":{"@id":"https:\/\/pensadorautomation.se\/#\/schema\/logo\/image\/"}}]}},"uagb_featured_image_src":{"full":false,"thumbnail":false,"medium":false,"medium_large":false,"large":false,"1536x1536":false,"2048x2048":false,"post-thumbnail":false},"uagb_author_info":{"display_name":"george","author_link":"https:\/\/pensadorautomation.se\/index.php\/author\/george\/"},"uagb_comment_info":0,"uagb_excerpt":"N\u00e5gra siffror Resultat av historiska automationsprojekt 6 N\u00f6jdakunder\u200b 3 Fullf\u00f6ljda projekt 20 %Snabbare processfl\u00f6de\u200b 15K+ Rader kod","jetpack-related-posts":[],"jetpack_sharing_enabled":true,"_links":{"self":[{"href":"https:\/\/pensadorautomation.se\/index.php\/wp-json\/wp\/v2\/pages\/1490","targetHints":{"allow":["GET"]}}],"collection":[{"href":"https:\/\/pensadorautomation.se\/index.php\/wp-json\/wp\/v2\/pages"}],"about":[{"href":"https:\/\/pensadorautomation.se\/index.php\/wp-json\/wp\/v2\/types\/page"}],"author":[{"embeddable":true,"href":"https:\/\/pensadorautomation.se\/index.php\/wp-json\/wp\/v2\/users\/1"}],"replies":[{"embeddable":true,"href":"https:\/\/pensadorautomation.se\/index.php\/wp-json\/wp\/v2\/comments?post=1490"}],"version-history":[{"count":14,"href":"https:\/\/pensadorautomation.se\/index.php\/wp-json\/wp\/v2\/pages\/1490\/revisions"}],"predecessor-version":[{"id":2555,"href":"https:\/\/pensadorautomation.se\/index.php\/wp-json\/wp\/v2\/pages\/1490\/revisions\/2555"}],"wp:attachment":[{"href":"https:\/\/pensadorautomation.se\/index.php\/wp-json\/wp\/v2\/media?parent=1490"}],"curies":[{"name":"wp","href":"https:\/\/api.w.org\/{rel}","templated":true}]}}