{"id":1492,"date":"2022-03-04T03:44:30","date_gmt":"2022-03-04T03:44:30","guid":{"rendered":"http:\/\/192.168.1.216\/index.php\/services\/"},"modified":"2023-09-25T19:43:13","modified_gmt":"2023-09-25T19:43:13","slug":"services","status":"publish","type":"page","link":"https:\/\/pensadorautomation.se\/index.php\/services\/","title":{"rendered":"Tj\u00e4nster"},"content":{"rendered":"\n<div class=\"wp-block-uagb-container uagb-block-671ab30d alignfull uagb-is-root-container\"><div class=\"uagb-container-inner-blocks-wrap\">\n<div class=\"wp-block-uagb-container uagb-block-9c3cccc2\">\n<div class=\"wp-block-uagb-info-box uagb-block-94cacd67 uagb-infobox__content-wrap  uagb-infobox-icon-above-title uagb-infobox-image-valign-top\"><div class=\"uagb-ifb-content\"><div class=\"uagb-ifb-icon-wrap\"><svg xmlns=\"https:\/\/www.w3.org\/2000\/svg\" viewBox=\"0 0 640 512\"><path d=\"M400 32C426.5 32 448 53.49 448 80V336C448 362.5 426.5 384 400 384H266.7L277.3 416H352C369.7 416 384 430.3 384 448C384 465.7 369.7 480 352 480H96C78.33 480 64 465.7 64 448C64 430.3 78.33 416 96 416H170.7L181.3 384H48C21.49 384 0 362.5 0 336V80C0 53.49 21.49 32 48 32H400zM64 96V320H384V96H64zM592 32C618.5 32 640 53.49 640 80V432C640 458.5 618.5 480 592 480H528C501.5 480 480 458.5 480 432V80C480 53.49 501.5 32 528 32H592zM544 96C535.2 96 528 103.2 528 112C528 120.8 535.2 128 544 128H576C584.8 128 592 120.8 592 112C592 103.2 584.8 96 576 96H544zM544 192H576C584.8 192 592 184.8 592 176C592 167.2 584.8 160 576 160H544C535.2 160 528 167.2 528 176C528 184.8 535.2 192 544 192zM560 400C577.7 400 592 385.7 592 368C592 350.3 577.7 336 560 336C542.3 336 528 350.3 528 368C528 385.7 542.3 400 560 400z\"><\/path><\/svg><\/div><div class=\"uagb-ifb-title-wrap\"><h3 class=\"uagb-ifb-title\">Mjukvarul\u00f6sningar<\/h3><\/div><p class=\"uagb-ifb-desc\">St\u00f6rre eller mindre skript avsedda att hantera &#8220;skyfflande av data&#8221; mellan olika program. Typiskt inriktat  mot att kringg\u00e5 repetitiva processer d\u00e4r det \u00e4r l\u00e4tt att g\u00f6ra slarvfel.<br><br><\/p><\/div><\/div>\n<\/div>\n\n\n\n<div class=\"wp-block-uagb-container uagb-block-36479cc3\">\n<div class=\"wp-block-uagb-info-box uagb-block-aa13f79c uagb-infobox__content-wrap  uagb-infobox-icon-above-title uagb-infobox-image-valign-top\"><div class=\"uagb-ifb-content\"><div class=\"uagb-ifb-icon-wrap\"><svg xmlns=\"https:\/\/www.w3.org\/2000\/svg\" viewBox=\"0 0 512 512\"><path d=\"M234.5 5.709C248.4 .7377 263.6 .7377 277.5 5.709L469.5 74.28C494.1 83.38 512 107.5 512 134.6V377.4C512 404.5 494.1 428.6 469.5 437.7L277.5 506.3C263.6 511.3 248.4 511.3 234.5 506.3L42.47 437.7C17 428.6 0 404.5 0 377.4V134.6C0 107.5 17 83.38 42.47 74.28L234.5 5.709zM256 65.98L82.34 128L256 190L429.7 128L256 65.98zM288 434.6L448 377.4V189.4L288 246.6V434.6z\"><\/path><\/svg><\/div><div class=\"uagb-ifb-title-wrap\"><h3 class=\"uagb-ifb-title\">Prototypframtagning<\/h3><\/div><p class=\"uagb-ifb-desc\">Pensador Automation kan med additiv tillverkning ta fram mindre prototyper. Dessa produkter kan vara med eller utan \u03bcCPU och \u00e4r till f\u00f6r att testa id\u00e9er som ett f\u00f6rstadium till serie-tillverkning .<\/p><\/div><\/div>\n<\/div>\n\n\n\n<div class=\"wp-block-uagb-container uagb-block-f1be5511\">\n<div class=\"wp-block-uagb-info-box uagb-block-07a6e558 uagb-infobox__content-wrap  uagb-infobox-icon-above-title uagb-infobox-image-valign-top\"><div class=\"uagb-ifb-content\"><div class=\"uagb-ifb-icon-wrap\"><svg xmlns=\"https:\/\/www.w3.org\/2000\/svg\" viewBox=\"0 0 512 512\"><path d=\"M480 288H32c-17.62 0-32 14.38-32 32v128c0 17.62 14.38 32 32 32h448c17.62 0 32-14.38 32-32v-128C512 302.4 497.6 288 480 288zM352 408c-13.25 0-24-10.75-24-24s10.75-24 24-24s24 10.75 24 24S365.3 408 352 408zM416 408c-13.25 0-24-10.75-24-24s10.75-24 24-24s24 10.75 24 24S429.3 408 416 408zM480 32H32C14.38 32 0 46.38 0 64v128c0 17.62 14.38 32 32 32h448c17.62 0 32-14.38 32-32V64C512 46.38 497.6 32 480 32zM352 152c-13.25 0-24-10.75-24-24S338.8 104 352 104S376 114.8 376 128S365.3 152 352 152zM416 152c-13.25 0-24-10.75-24-24S402.8 104 416 104S440 114.8 440 128S429.3 152 416 152z\"><\/path><\/svg><\/div><div class=\"uagb-ifb-title-wrap\"><h3 class=\"uagb-ifb-title\">Webbserver &amp; Hemsidor<\/h3><\/div><p class=\"uagb-ifb-desc\">Pensador Automation erbjuder tj\u00e4nsten att bygga ditt f\u00f6retags webbserver och\/eller hemsida, antingen f\u00f6r &#8220;physical computing&#8221; som \u00f6vervakning av sensordata eller en helt vanlig hemsida, som denna som k\u00f6r fr\u00e5n en liten 10Watt-dator.<\/p><\/div><\/div>\n<\/div>\n\n\n\n<div class=\"wp-block-uagb-container uagb-block-4462ef88\">\n<div class=\"wp-block-uagb-info-box uagb-block-f50c8ce8 uagb-infobox__content-wrap  uagb-infobox-icon-above-title uagb-infobox-image-valign-top\"><div class=\"uagb-ifb-content\"><div class=\"uagb-ifb-icon-wrap\"><svg xmlns=\"https:\/\/www.w3.org\/2000\/svg\" viewBox=\"0 0 512 512\"><path d=\"M511.2 387l-23.25 100.8c-3.266 14.25-15.79 24.22-30.46 24.22C205.2 512 0 306.8 0 54.5c0-14.66 9.969-27.2 24.22-30.45l100.8-23.25C139.7-2.602 154.7 5.018 160.8 18.92l46.52 108.5c5.438 12.78 1.77 27.67-8.98 36.45L144.5 207.1c33.98 69.22 90.26 125.5 159.5 159.5l44.08-53.8c8.688-10.78 23.69-14.51 36.47-8.975l108.5 46.51C506.1 357.2 514.6 372.4 511.2 387z\"><\/path><\/svg><\/div><div class=\"uagb-ifb-title-wrap\"><h3 class=\"uagb-ifb-title\">IT-Support<\/h3><\/div><p class=\"uagb-ifb-desc\">Pensador Automation erbjuder dedikerad teknisk hj\u00e4lp i relation till de levererade l\u00f6sningarna. <br><br><br><\/p><\/div><\/div>\n<\/div>\n<\/div><\/div>\n\n\n\n<div class=\"wp-block-uagb-separator uagb-block-240bc31e\"><div class=\"wp-block-uagb-separator__inner\" style=\"--my-background-image:\"><\/div><\/div>\n\n\n\n<div class=\"wp-block-uagb-container uagb-block-b1a51828 alignfull uagb-is-root-container\"><div class=\"uagb-container-inner-blocks-wrap\">\n<div class=\"wp-block-uagb-container uagb-block-4e055757 alignfull uagb-is-root-container\"><div class=\"uagb-container-inner-blocks-wrap\">\n<div class=\"wp-block-uagb-advanced-heading uagb-block-52e6f048\"><h2 class=\"uagb-heading-text\">Agilt UX utveckling baserat p\u00e5 6-D processen\u200b<\/h2><\/div>\n\n\n\n<div class=\"wp-block-uagb-container uagb-block-07da9de1\">\n<div class=\"wp-block-uagb-container uagb-block-51075e3c\">\n<div class=\"wp-block-uagb-info-box uagb-block-41b7352e uagb-infobox__content-wrap  uagb-infobox-icon-above-title uagb-infobox-image-valign-top\"><div class=\"uagb-ifb-content\"><div class=\"uagb-ifb-title-wrap\"><span class=\"uagb-ifb-title-prefix\">01.<\/span><h4 class=\"uagb-ifb-title\">Discover\u200b<\/h4><\/div><p class=\"uagb-ifb-desc\">Innan man implementerar en f\u00f6rb\u00e4ttring beh\u00f6ver \u00e5tg\u00e4rden identifieras f\u00f6r att senare utr\u00f6na en l\u00f6sning.<br><br>Tillsammans med slutanv\u00e4ndaren reda ut vad som skall g\u00f6ras, hur det  g\u00f6rs idag, och vad som kommer ut p\u00e5 andra sidan n\u00e4r det gjorts klart.<\/p><\/div><\/div>\n<\/div>\n\n\n\n<div class=\"wp-block-uagb-container uagb-block-8da79abb\">\n<div class=\"wp-block-uagb-info-box uagb-block-974ef798 uagb-infobox__content-wrap  uagb-infobox-icon-above-title uagb-infobox-image-valign-top\"><div class=\"uagb-ifb-content\"><div class=\"uagb-ifb-title-wrap\"><span class=\"uagb-ifb-title-prefix\">02.<\/span><h4 class=\"uagb-ifb-title\">Define\u200b<\/h4><\/div><p class=\"uagb-ifb-desc\">N\u00e4sta steg \u00e4r att definiera f\u00f6rb\u00e4ttringen med funktionella krav och specifikationer s\u00e5 att konsensus f\u00f6r uppgiften uppn\u00e5s.<br><br>Beroende p\u00e5 \u00e5tg\u00e4rden, definieras en l\u00f6sning och bryter ner den till diskreta komponenter f\u00f6r kartl\u00e4ggning &#8211; steg f\u00f6r steg.<\/p><\/div><\/div>\n<\/div>\n\n\n\n<div class=\"wp-block-uagb-container uagb-block-865cfcc6\">\n<div class=\"wp-block-uagb-info-box uagb-block-1e5ee18b uagb-infobox__content-wrap  uagb-infobox-icon-above-title uagb-infobox-image-valign-top\"><div class=\"uagb-ifb-content\"><div class=\"uagb-ifb-title-wrap\"><span class=\"uagb-ifb-title-prefix\">03.<\/span><h4 class=\"uagb-ifb-title\">Design\u200b<\/h4><\/div><p class=\"uagb-ifb-desc\">N\u00e4r konsensus f\u00f6r uppgiften \u00e4r uppn\u00e5dd, tas en teoretisk l\u00f6sning fram f\u00f6r ditt f\u00f6retag.<br><br>Oavsett l\u00f6sning tas detta fram med \u00e5tanke till slutanv\u00e4ndaren med fokus p\u00e5 l\u00e4mpligt gr\u00e4nssnitt.<br><br><br><\/p><\/div><\/div>\n<\/div>\n<\/div>\n\n\n\n<div class=\"wp-block-uagb-container uagb-block-f9dbfcfe\">\n<div class=\"wp-block-uagb-container uagb-block-53757643\">\n<div class=\"wp-block-uagb-info-box uagb-block-1d65747b uagb-infobox__content-wrap  uagb-infobox-icon-above-title uagb-infobox-image-valign-top\"><div class=\"uagb-ifb-content\"><div class=\"uagb-ifb-title-wrap\"><span class=\"uagb-ifb-title-prefix\">04.<\/span><h4 class=\"uagb-ifb-title\">Develop\u200b\u200b<\/h4><\/div><p class=\"uagb-ifb-desc\">N\u00e4sta steg i processen \u00e4r att utveckla f\u00f6rslaget till en konkret l\u00f6sning f\u00f6r ditt f\u00f6retag.<br><br>Beroende p\u00e5 specifikationerna kan det handla om ett frist\u00e5ende program, ett integrerat program i befintligt system, en enklare hemsida, eller kanske en mekatronisk apparat som skall utf\u00f6ra uppgiften.<\/p><\/div><\/div>\n<\/div>\n\n\n\n<div class=\"wp-block-uagb-container uagb-block-3ce1de44\">\n<div class=\"wp-block-uagb-info-box uagb-block-c2282ab3 uagb-infobox__content-wrap  uagb-infobox-icon-above-title uagb-infobox-image-valign-top\"><div class=\"uagb-ifb-content\"><div class=\"uagb-ifb-title-wrap\"><span class=\"uagb-ifb-title-prefix\">05.<\/span><h4 class=\"uagb-ifb-title\">Deploy\u200b<\/h4><\/div><p class=\"uagb-ifb-desc\">I b\u00f6rjan kommer betaversionen handla om en s.k. &#8220;minimal viable product&#8221; eller MVP.<br><br>Med en MVP \u00e4r syftet att slutanv\u00e4ndaren ska kunna testa produkten s\u00e5 k\u00e4rnfunktionerna kan testas och korrigeringar utf\u00f6ras.<br><br><br><br><\/p><\/div><\/div>\n<\/div>\n\n\n\n<div class=\"wp-block-uagb-container uagb-block-e404e83d\">\n<div class=\"wp-block-uagb-info-box uagb-block-f425908f uagb-infobox__content-wrap  uagb-infobox-icon-above-title uagb-infobox-image-valign-top\"><div class=\"uagb-ifb-content\"><div class=\"uagb-ifb-title-wrap\"><span class=\"uagb-ifb-title-prefix\">06.<\/span><h4 class=\"uagb-ifb-title\">Deliver\u200b<\/h4><\/div><p class=\"uagb-ifb-desc\">Efter att betaversionen har testats och korrigerats tar slutprodukten slutlig form. Efter att ha f\u00e5tt gr\u00f6nt ljus fr\u00e5n slutanv\u00e4ndaren kan \u00f6verl\u00e4mningen \u00e4ga rum.<br><br>Sj\u00e4lvklart kommer Pensador Automation finnas som st\u00f6d f\u00f6r teknisk support och eventuella framtida behov till uppdateringar!<br><br><\/p><\/div><\/div>\n<\/div>\n<\/div>\n<\/div><\/div>\n<\/div><\/div>\n","protected":false},"excerpt":{"rendered":"<p>Agilt UX utveckling baserat p\u00e5 6-D processen\u200b<\/p>\n","protected":false},"author":1,"featured_media":0,"parent":0,"menu_order":0,"comment_status":"closed","ping_status":"closed","template":"","meta":{"_uag_custom_page_level_css":"","footnotes":""},"class_list":["post-1492","page","type-page","status-publish","hentry","entry"],"yoast_head":"<!-- This site is optimized with the Yoast SEO plugin v27.6 - https:\/\/yoast.com\/product\/yoast-seo-wordpress\/ -->\n<title>Tj\u00e4nster - Pensador Automation<\/title>\n<meta name=\"robots\" content=\"index, follow, max-snippet:-1, max-image-preview:large, max-video-preview:-1\" \/>\n<link rel=\"canonical\" href=\"https:\/\/pensadorautomation.se\/index.php\/services\/\" \/>\n<meta property=\"og:locale\" content=\"en_US\" \/>\n<meta property=\"og:type\" content=\"article\" \/>\n<meta property=\"og:title\" content=\"Tj\u00e4nster - Pensador Automation\" \/>\n<meta property=\"og:description\" content=\"Agilt UX utveckling baserat p\u00e5 6-D processen\u200b\" \/>\n<meta property=\"og:url\" content=\"https:\/\/pensadorautomation.se\/index.php\/services\/\" \/>\n<meta property=\"og:site_name\" content=\"Pensador Automation\" \/>\n<meta property=\"article:modified_time\" content=\"2023-09-25T19:43:13+00:00\" \/>\n<meta name=\"twitter:card\" content=\"summary_large_image\" \/>\n<meta name=\"twitter:label1\" content=\"Est. reading time\" \/>\n\t<meta name=\"twitter:data1\" content=\"2 minutes\" \/>\n<script type=\"application\/ld+json\" class=\"yoast-schema-graph\">{\"@context\":\"https:\\\/\\\/schema.org\",\"@graph\":[{\"@type\":\"WebPage\",\"@id\":\"https:\\\/\\\/pensadorautomation.se\\\/index.php\\\/services\\\/\",\"url\":\"https:\\\/\\\/pensadorautomation.se\\\/index.php\\\/services\\\/\",\"name\":\"Tj\u00e4nster - Pensador Automation\",\"isPartOf\":{\"@id\":\"https:\\\/\\\/pensadorautomation.se\\\/#website\"},\"datePublished\":\"2022-03-04T03:44:30+00:00\",\"dateModified\":\"2023-09-25T19:43:13+00:00\",\"breadcrumb\":{\"@id\":\"https:\\\/\\\/pensadorautomation.se\\\/index.php\\\/services\\\/#breadcrumb\"},\"inLanguage\":\"en-US\",\"potentialAction\":[{\"@type\":\"ReadAction\",\"target\":[\"https:\\\/\\\/pensadorautomation.se\\\/index.php\\\/services\\\/\"]}]},{\"@type\":\"BreadcrumbList\",\"@id\":\"https:\\\/\\\/pensadorautomation.se\\\/index.php\\\/services\\\/#breadcrumb\",\"itemListElement\":[{\"@type\":\"ListItem\",\"position\":1,\"name\":\"Home\",\"item\":\"https:\\\/\\\/pensadorautomation.se\\\/\"},{\"@type\":\"ListItem\",\"position\":2,\"name\":\"Tj\u00e4nster\"}]},{\"@type\":\"WebSite\",\"@id\":\"https:\\\/\\\/pensadorautomation.se\\\/#website\",\"url\":\"https:\\\/\\\/pensadorautomation.se\\\/\",\"name\":\"Pensador Automation\",\"description\":\"Let machines do the heavy lifting\",\"publisher\":{\"@id\":\"https:\\\/\\\/pensadorautomation.se\\\/#organization\"},\"potentialAction\":[{\"@type\":\"SearchAction\",\"target\":{\"@type\":\"EntryPoint\",\"urlTemplate\":\"https:\\\/\\\/pensadorautomation.se\\\/?s={search_term_string}\"},\"query-input\":{\"@type\":\"PropertyValueSpecification\",\"valueRequired\":true,\"valueName\":\"search_term_string\"}}],\"inLanguage\":\"en-US\"},{\"@type\":\"Organization\",\"@id\":\"https:\\\/\\\/pensadorautomation.se\\\/#organization\",\"name\":\"Pensador Automation\",\"url\":\"https:\\\/\\\/pensadorautomation.se\\\/\",\"logo\":{\"@type\":\"ImageObject\",\"inLanguage\":\"en-US\",\"@id\":\"https:\\\/\\\/pensadorautomation.se\\\/#\\\/schema\\\/logo\\\/image\\\/\",\"url\":\"https:\\\/\\\/i0.wp.com\\\/pensadorautomation.se\\\/wp-content\\\/uploads\\\/2023\\\/09\\\/logo_512_v2.png?fit=347%2C237&ssl=1\",\"contentUrl\":\"https:\\\/\\\/i0.wp.com\\\/pensadorautomation.se\\\/wp-content\\\/uploads\\\/2023\\\/09\\\/logo_512_v2.png?fit=347%2C237&ssl=1\",\"width\":347,\"height\":237,\"caption\":\"Pensador Automation\"},\"image\":{\"@id\":\"https:\\\/\\\/pensadorautomation.se\\\/#\\\/schema\\\/logo\\\/image\\\/\"}}]}<\/script>\n<!-- \/ Yoast SEO plugin. -->","yoast_head_json":{"title":"Tj\u00e4nster - Pensador Automation","robots":{"index":"index","follow":"follow","max-snippet":"max-snippet:-1","max-image-preview":"max-image-preview:large","max-video-preview":"max-video-preview:-1"},"canonical":"https:\/\/pensadorautomation.se\/index.php\/services\/","og_locale":"en_US","og_type":"article","og_title":"Tj\u00e4nster - Pensador Automation","og_description":"Agilt UX utveckling baserat p\u00e5 6-D processen\u200b","og_url":"https:\/\/pensadorautomation.se\/index.php\/services\/","og_site_name":"Pensador Automation","article_modified_time":"2023-09-25T19:43:13+00:00","twitter_card":"summary_large_image","twitter_misc":{"Est. reading time":"2 minutes"},"schema":{"@context":"https:\/\/schema.org","@graph":[{"@type":"WebPage","@id":"https:\/\/pensadorautomation.se\/index.php\/services\/","url":"https:\/\/pensadorautomation.se\/index.php\/services\/","name":"Tj\u00e4nster - Pensador Automation","isPartOf":{"@id":"https:\/\/pensadorautomation.se\/#website"},"datePublished":"2022-03-04T03:44:30+00:00","dateModified":"2023-09-25T19:43:13+00:00","breadcrumb":{"@id":"https:\/\/pensadorautomation.se\/index.php\/services\/#breadcrumb"},"inLanguage":"en-US","potentialAction":[{"@type":"ReadAction","target":["https:\/\/pensadorautomation.se\/index.php\/services\/"]}]},{"@type":"BreadcrumbList","@id":"https:\/\/pensadorautomation.se\/index.php\/services\/#breadcrumb","itemListElement":[{"@type":"ListItem","position":1,"name":"Home","item":"https:\/\/pensadorautomation.se\/"},{"@type":"ListItem","position":2,"name":"Tj\u00e4nster"}]},{"@type":"WebSite","@id":"https:\/\/pensadorautomation.se\/#website","url":"https:\/\/pensadorautomation.se\/","name":"Pensador Automation","description":"Let machines do the heavy lifting","publisher":{"@id":"https:\/\/pensadorautomation.se\/#organization"},"potentialAction":[{"@type":"SearchAction","target":{"@type":"EntryPoint","urlTemplate":"https:\/\/pensadorautomation.se\/?s={search_term_string}"},"query-input":{"@type":"PropertyValueSpecification","valueRequired":true,"valueName":"search_term_string"}}],"inLanguage":"en-US"},{"@type":"Organization","@id":"https:\/\/pensadorautomation.se\/#organization","name":"Pensador Automation","url":"https:\/\/pensadorautomation.se\/","logo":{"@type":"ImageObject","inLanguage":"en-US","@id":"https:\/\/pensadorautomation.se\/#\/schema\/logo\/image\/","url":"https:\/\/i0.wp.com\/pensadorautomation.se\/wp-content\/uploads\/2023\/09\/logo_512_v2.png?fit=347%2C237&ssl=1","contentUrl":"https:\/\/i0.wp.com\/pensadorautomation.se\/wp-content\/uploads\/2023\/09\/logo_512_v2.png?fit=347%2C237&ssl=1","width":347,"height":237,"caption":"Pensador Automation"},"image":{"@id":"https:\/\/pensadorautomation.se\/#\/schema\/logo\/image\/"}}]}},"uagb_featured_image_src":{"full":false,"thumbnail":false,"medium":false,"medium_large":false,"large":false,"1536x1536":false,"2048x2048":false,"post-thumbnail":false},"uagb_author_info":{"display_name":"george","author_link":"https:\/\/pensadorautomation.se\/index.php\/author\/george\/"},"uagb_comment_info":0,"uagb_excerpt":"Agilt UX utveckling baserat p\u00e5 6-D processen\u200b","jetpack-related-posts":[],"jetpack_sharing_enabled":true,"_links":{"self":[{"href":"https:\/\/pensadorautomation.se\/index.php\/wp-json\/wp\/v2\/pages\/1492","targetHints":{"allow":["GET"]}}],"collection":[{"href":"https:\/\/pensadorautomation.se\/index.php\/wp-json\/wp\/v2\/pages"}],"about":[{"href":"https:\/\/pensadorautomation.se\/index.php\/wp-json\/wp\/v2\/types\/page"}],"author":[{"embeddable":true,"href":"https:\/\/pensadorautomation.se\/index.php\/wp-json\/wp\/v2\/users\/1"}],"replies":[{"embeddable":true,"href":"https:\/\/pensadorautomation.se\/index.php\/wp-json\/wp\/v2\/comments?post=1492"}],"version-history":[{"count":16,"href":"https:\/\/pensadorautomation.se\/index.php\/wp-json\/wp\/v2\/pages\/1492\/revisions"}],"predecessor-version":[{"id":2535,"href":"https:\/\/pensadorautomation.se\/index.php\/wp-json\/wp\/v2\/pages\/1492\/revisions\/2535"}],"wp:attachment":[{"href":"https:\/\/pensadorautomation.se\/index.php\/wp-json\/wp\/v2\/media?parent=1492"}],"curies":[{"name":"wp","href":"https:\/\/api.w.org\/{rel}","templated":true}]}}