{"id":2466,"date":"2023-09-22T22:37:40","date_gmt":"2023-09-22T22:37:40","guid":{"rendered":"http:\/\/192.168.1.216\/?page_id=2466"},"modified":"2023-09-26T18:18:58","modified_gmt":"2023-09-26T18:18:58","slug":"contact","status":"publish","type":"page","link":"https:\/\/pensadorautomation.se\/index.php\/contact\/","title":{"rendered":"Kontakt"},"content":{"rendered":"\n<p>Har du ett utvecklingsprojekt, f\u00f6rslag p\u00e5 f\u00f6rb\u00e4ttrings\u00e5tg\u00e4rd f\u00f6r ditt f\u00f6retag eller kanske bara undrar n\u00e5got allm\u00e4nt? Skicka g\u00e4rna en fr\u00e5ga s\u00e5 svarar jag!<\/p>\n\n\n\n<hr class=\"wp-block-separator has-alpha-channel-opacity\"\/>\n\n\n<div class=\"wp-block-jetpack-contact-form is-layout-flex wp-container-jetpack-contact-form-is-layout-026b38f8 wp-block-jetpack-contact-form-is-layout-flex\"><a href=\"https:\/\/pensadorautomation.se\/index.php\/contact\/\" target=\"_blank\" rel=\"noopener noreferrer\">Submit a form.<\/a><\/div>","protected":false},"excerpt":{"rendered":"<p>Har du ett utvecklingsprojekt, f\u00f6rslag p\u00e5 f\u00f6rb\u00e4ttrings\u00e5tg\u00e4rd f\u00f6r ditt f\u00f6retag eller kanske bara undrar n\u00e5got allm\u00e4nt? Skicka g\u00e4rna en fr\u00e5ga s\u00e5 svarar jag!<\/p>\n","protected":false},"author":1,"featured_media":0,"parent":0,"menu_order":0,"comment_status":"closed","ping_status":"closed","template":"","meta":{"_uag_custom_page_level_css":"","footnotes":""},"class_list":["post-2466","page","type-page","status-publish","hentry","entry"],"yoast_head":"<!-- This site is optimized with the Yoast SEO plugin v27.6 - https:\/\/yoast.com\/product\/yoast-seo-wordpress\/ -->\n<title>Kontakt - Pensador Automation<\/title>\n<meta name=\"robots\" content=\"index, follow, max-snippet:-1, max-image-preview:large, max-video-preview:-1\" \/>\n<link rel=\"canonical\" href=\"https:\/\/pensadorautomation.se\/index.php\/contact\/\" \/>\n<meta property=\"og:locale\" content=\"en_US\" \/>\n<meta property=\"og:type\" content=\"article\" \/>\n<meta property=\"og:title\" content=\"Kontakt - Pensador Automation\" \/>\n<meta property=\"og:description\" content=\"Har du ett utvecklingsprojekt, f\u00f6rslag p\u00e5 f\u00f6rb\u00e4ttrings\u00e5tg\u00e4rd f\u00f6r ditt f\u00f6retag eller kanske bara undrar n\u00e5got allm\u00e4nt? Skicka g\u00e4rna en fr\u00e5ga s\u00e5 svarar jag!\" \/>\n<meta property=\"og:url\" content=\"https:\/\/pensadorautomation.se\/index.php\/contact\/\" \/>\n<meta property=\"og:site_name\" content=\"Pensador Automation\" \/>\n<meta property=\"article:modified_time\" content=\"2023-09-26T18:18:58+00:00\" \/>\n<meta name=\"twitter:card\" content=\"summary_large_image\" \/>\n<meta name=\"twitter:label1\" content=\"Est. reading time\" \/>\n\t<meta name=\"twitter:data1\" content=\"1 minute\" \/>\n<script type=\"application\/ld+json\" class=\"yoast-schema-graph\">{\"@context\":\"https:\\\/\\\/schema.org\",\"@graph\":[{\"@type\":\"WebPage\",\"@id\":\"https:\\\/\\\/pensadorautomation.se\\\/index.php\\\/contact\\\/\",\"url\":\"https:\\\/\\\/pensadorautomation.se\\\/index.php\\\/contact\\\/\",\"name\":\"Kontakt - Pensador Automation\",\"isPartOf\":{\"@id\":\"https:\\\/\\\/pensadorautomation.se\\\/#website\"},\"datePublished\":\"2023-09-22T22:37:40+00:00\",\"dateModified\":\"2023-09-26T18:18:58+00:00\",\"breadcrumb\":{\"@id\":\"https:\\\/\\\/pensadorautomation.se\\\/index.php\\\/contact\\\/#breadcrumb\"},\"inLanguage\":\"en-US\",\"potentialAction\":[{\"@type\":\"ReadAction\",\"target\":[\"https:\\\/\\\/pensadorautomation.se\\\/index.php\\\/contact\\\/\"]}]},{\"@type\":\"BreadcrumbList\",\"@id\":\"https:\\\/\\\/pensadorautomation.se\\\/index.php\\\/contact\\\/#breadcrumb\",\"itemListElement\":[{\"@type\":\"ListItem\",\"position\":1,\"name\":\"Home\",\"item\":\"https:\\\/\\\/pensadorautomation.se\\\/\"},{\"@type\":\"ListItem\",\"position\":2,\"name\":\"Kontakt\"}]},{\"@type\":\"WebSite\",\"@id\":\"https:\\\/\\\/pensadorautomation.se\\\/#website\",\"url\":\"https:\\\/\\\/pensadorautomation.se\\\/\",\"name\":\"Pensador Automation\",\"description\":\"Let machines do the heavy lifting\",\"publisher\":{\"@id\":\"https:\\\/\\\/pensadorautomation.se\\\/#organization\"},\"potentialAction\":[{\"@type\":\"SearchAction\",\"target\":{\"@type\":\"EntryPoint\",\"urlTemplate\":\"https:\\\/\\\/pensadorautomation.se\\\/?s={search_term_string}\"},\"query-input\":{\"@type\":\"PropertyValueSpecification\",\"valueRequired\":true,\"valueName\":\"search_term_string\"}}],\"inLanguage\":\"en-US\"},{\"@type\":\"Organization\",\"@id\":\"https:\\\/\\\/pensadorautomation.se\\\/#organization\",\"name\":\"Pensador Automation\",\"url\":\"https:\\\/\\\/pensadorautomation.se\\\/\",\"logo\":{\"@type\":\"ImageObject\",\"inLanguage\":\"en-US\",\"@id\":\"https:\\\/\\\/pensadorautomation.se\\\/#\\\/schema\\\/logo\\\/image\\\/\",\"url\":\"https:\\\/\\\/i0.wp.com\\\/pensadorautomation.se\\\/wp-content\\\/uploads\\\/2023\\\/09\\\/logo_512_v2.png?fit=347%2C237&ssl=1\",\"contentUrl\":\"https:\\\/\\\/i0.wp.com\\\/pensadorautomation.se\\\/wp-content\\\/uploads\\\/2023\\\/09\\\/logo_512_v2.png?fit=347%2C237&ssl=1\",\"width\":347,\"height\":237,\"caption\":\"Pensador Automation\"},\"image\":{\"@id\":\"https:\\\/\\\/pensadorautomation.se\\\/#\\\/schema\\\/logo\\\/image\\\/\"}}]}<\/script>\n<!-- \/ Yoast SEO plugin. -->","yoast_head_json":{"title":"Kontakt - Pensador Automation","robots":{"index":"index","follow":"follow","max-snippet":"max-snippet:-1","max-image-preview":"max-image-preview:large","max-video-preview":"max-video-preview:-1"},"canonical":"https:\/\/pensadorautomation.se\/index.php\/contact\/","og_locale":"en_US","og_type":"article","og_title":"Kontakt - Pensador Automation","og_description":"Har du ett utvecklingsprojekt, f\u00f6rslag p\u00e5 f\u00f6rb\u00e4ttrings\u00e5tg\u00e4rd f\u00f6r ditt f\u00f6retag eller kanske bara undrar n\u00e5got allm\u00e4nt? Skicka g\u00e4rna en fr\u00e5ga s\u00e5 svarar jag!","og_url":"https:\/\/pensadorautomation.se\/index.php\/contact\/","og_site_name":"Pensador Automation","article_modified_time":"2023-09-26T18:18:58+00:00","twitter_card":"summary_large_image","twitter_misc":{"Est. reading time":"1 minute"},"schema":{"@context":"https:\/\/schema.org","@graph":[{"@type":"WebPage","@id":"https:\/\/pensadorautomation.se\/index.php\/contact\/","url":"https:\/\/pensadorautomation.se\/index.php\/contact\/","name":"Kontakt - Pensador Automation","isPartOf":{"@id":"https:\/\/pensadorautomation.se\/#website"},"datePublished":"2023-09-22T22:37:40+00:00","dateModified":"2023-09-26T18:18:58+00:00","breadcrumb":{"@id":"https:\/\/pensadorautomation.se\/index.php\/contact\/#breadcrumb"},"inLanguage":"en-US","potentialAction":[{"@type":"ReadAction","target":["https:\/\/pensadorautomation.se\/index.php\/contact\/"]}]},{"@type":"BreadcrumbList","@id":"https:\/\/pensadorautomation.se\/index.php\/contact\/#breadcrumb","itemListElement":[{"@type":"ListItem","position":1,"name":"Home","item":"https:\/\/pensadorautomation.se\/"},{"@type":"ListItem","position":2,"name":"Kontakt"}]},{"@type":"WebSite","@id":"https:\/\/pensadorautomation.se\/#website","url":"https:\/\/pensadorautomation.se\/","name":"Pensador Automation","description":"Let machines do the heavy lifting","publisher":{"@id":"https:\/\/pensadorautomation.se\/#organization"},"potentialAction":[{"@type":"SearchAction","target":{"@type":"EntryPoint","urlTemplate":"https:\/\/pensadorautomation.se\/?s={search_term_string}"},"query-input":{"@type":"PropertyValueSpecification","valueRequired":true,"valueName":"search_term_string"}}],"inLanguage":"en-US"},{"@type":"Organization","@id":"https:\/\/pensadorautomation.se\/#organization","name":"Pensador Automation","url":"https:\/\/pensadorautomation.se\/","logo":{"@type":"ImageObject","inLanguage":"en-US","@id":"https:\/\/pensadorautomation.se\/#\/schema\/logo\/image\/","url":"https:\/\/i0.wp.com\/pensadorautomation.se\/wp-content\/uploads\/2023\/09\/logo_512_v2.png?fit=347%2C237&ssl=1","contentUrl":"https:\/\/i0.wp.com\/pensadorautomation.se\/wp-content\/uploads\/2023\/09\/logo_512_v2.png?fit=347%2C237&ssl=1","width":347,"height":237,"caption":"Pensador Automation"},"image":{"@id":"https:\/\/pensadorautomation.se\/#\/schema\/logo\/image\/"}}]}},"uagb_featured_image_src":{"full":false,"thumbnail":false,"medium":false,"medium_large":false,"large":false,"1536x1536":false,"2048x2048":false,"post-thumbnail":false},"uagb_author_info":{"display_name":"george","author_link":"https:\/\/pensadorautomation.se\/index.php\/author\/george\/"},"uagb_comment_info":0,"uagb_excerpt":"Har du ett utvecklingsprojekt, f\u00f6rslag p\u00e5 f\u00f6rb\u00e4ttrings\u00e5tg\u00e4rd f\u00f6r ditt f\u00f6retag eller kanske bara undrar n\u00e5got allm\u00e4nt? Skicka g\u00e4rna en fr\u00e5ga s\u00e5 svarar jag!","jetpack-related-posts":[],"jetpack_sharing_enabled":true,"_links":{"self":[{"href":"https:\/\/pensadorautomation.se\/index.php\/wp-json\/wp\/v2\/pages\/2466","targetHints":{"allow":["GET"]}}],"collection":[{"href":"https:\/\/pensadorautomation.se\/index.php\/wp-json\/wp\/v2\/pages"}],"about":[{"href":"https:\/\/pensadorautomation.se\/index.php\/wp-json\/wp\/v2\/types\/page"}],"author":[{"embeddable":true,"href":"https:\/\/pensadorautomation.se\/index.php\/wp-json\/wp\/v2\/users\/1"}],"replies":[{"embeddable":true,"href":"https:\/\/pensadorautomation.se\/index.php\/wp-json\/wp\/v2\/comments?post=2466"}],"version-history":[{"count":9,"href":"https:\/\/pensadorautomation.se\/index.php\/wp-json\/wp\/v2\/pages\/2466\/revisions"}],"predecessor-version":[{"id":2549,"href":"https:\/\/pensadorautomation.se\/index.php\/wp-json\/wp\/v2\/pages\/2466\/revisions\/2549"}],"wp:attachment":[{"href":"https:\/\/pensadorautomation.se\/index.php\/wp-json\/wp\/v2\/media?parent=2466"}],"curies":[{"name":"wp","href":"https:\/\/api.w.org\/{rel}","templated":true}]}}